{"id":79,"date":"2020-06-06T21:46:01","date_gmt":"2020-06-06T19:46:01","guid":{"rendered":"http:\/\/801indie.org\/index.php\/?page_id=79"},"modified":"2020-06-06T21:50:50","modified_gmt":"2020-06-06T19:50:50","slug":"programm","status":"publish","type":"page","link":"https:\/\/801indie.org\/index.php\/programm\/","title":{"rendered":"Programm"},"content":{"rendered":"<div class=\"wptb-table-container wptb-table-81\"><div class=\"wptb-table-container-matrix\"><table class=\"wptb-preview-table wptb-element-main-table_setting-81\" data-reconstraction=\"1\" style=\"border-width: 0px; border-style: solid; border-image: initial;\" data-wptb-table-tds-sum-max-width=\"1040\" data-wptb-cells-width-auto-count=\"8\" data-table-columns=\"7\"><tbody><tr class=\"wptb-row\"><td class=\"wptb-cell\" data-x-index=\"0\" style=\"border-width: 1px;\" data-wptb-css-td-auto-width=\"true\"><div class=\"wptb-text-container wptb-ph-element wptb-element-text-2\"><div class=\"\" style=\"position: relative;\"><\/div><\/div><\/td><td class=\"wptb-cell\" data-x-index=\"1\" style=\"border-width: 1px;\" data-wptb-css-td-auto-width=\"true\"><div class=\"wptb-text-container wptb-ph-element wptb-element-text-1\"><div class=\"\" style=\"position: relative;\"><p>Montag<\/p><\/div><\/div><\/td><td class=\"wptb-cell\" data-x-index=\"2\" style=\"border-width: 1px;\" data-wptb-css-td-auto-width=\"true\"><div class=\"wptb-text-container wptb-ph-element wptb-element-text-3\"><div class=\"\" style=\"position: relative;\"><p>Dienstag<\/p><\/div><\/div><\/td><td class=\"wptb-cell\" data-x-index=\"3\" style=\"border-width: 1px;\" data-wptb-css-td-auto-width=\"true\"><div class=\"wptb-text-container wptb-ph-element wptb-element-text-4\"><div class=\"\" style=\"position: relative;\"><p>Mittwoch<\/p><\/div><\/div><\/td><td class=\"wptb-cell\" data-x-index=\"4\" style=\"border-width: 1px;\" data-wptb-css-td-auto-width=\"true\"><div class=\"wptb-text-container wptb-ph-element wptb-element-text-5\"><div class=\"\" style=\"position: relative;\"><p>Donnerstag<\/p><\/div><\/div><\/td><td class=\"wptb-cell\" data-x-index=\"5\" style=\"border-width: 1px;\" data-wptb-css-td-auto-width=\"true\"><div class=\"wptb-text-container wptb-ph-element wptb-element-text-6\"><div class=\"\" style=\"position: relative;\"><p>Freitag<\/p><\/div><\/div><\/td><td class=\"wptb-cell\" data-x-index=\"6\" style=\"border-width: 1px;\" data-wptb-css-td-auto-width=\"true\"><div class=\"wptb-text-container wptb-ph-element wptb-element-text-7\"><div class=\"\" style=\"position: relative;\">Samstag<\/div><\/div><\/td><td class=\"wptb-cell\" data-x-index=\"7\" style=\"border-width: 1px;\" data-wptb-css-td-auto-width=\"true\"><div class=\"wptb-text-container wptb-ph-element wptb-element-text-8\"><div class=\"\" style=\"position: relative;\"><p>Sonntag<\/p><\/div><\/div><\/td><\/tr><tr class=\"wptb-row\"><td class=\"wptb-cell\" data-x-index=\"0\" style=\"border-width: 1px;\" data-wptb-css-td-auto-width=\"true\"><div class=\"wptb-text-container wptb-ph-element wptb-element-text-9\"><div class=\"\" style=\"position: relative;\"><p>6.00 Uhr<\/p><\/div><\/div><\/td><td class=\"wptb-cell\" data-x-index=\"1\" style=\"border-width: 1px;\" data-wptb-css-td-auto-width=\"true\"><\/td><td class=\"wptb-cell\" data-x-index=\"2\" style=\"border-width: 1px;\" data-wptb-css-td-auto-width=\"true\"><\/td><td class=\"wptb-cell\" data-x-index=\"3\" style=\"border-width: 1px;\" data-wptb-css-td-auto-width=\"true\"><\/td><td class=\"wptb-cell\" data-x-index=\"4\" style=\"border-width: 1px;\" data-wptb-css-td-auto-width=\"true\"><\/td><td class=\"wptb-cell\" data-x-index=\"5\" style=\"border-width: 1px;\" data-wptb-css-td-auto-width=\"true\"><\/td><td class=\"wptb-cell\" data-x-index=\"6\" style=\"border-width: 1px;\" data-wptb-css-td-auto-width=\"true\"><\/td><td class=\"wptb-cell\" data-x-index=\"7\" style=\"border-width: 1px;\" data-wptb-css-td-auto-width=\"true\"><\/td><\/tr><tr class=\"wptb-row\"><td class=\"wptb-cell\" data-x-index=\"0\" style=\"border-width: 1px;\" data-wptb-css-td-auto-width=\"true\"><div class=\"wptb-text-container wptb-ph-element wptb-element-text-10\"><div class=\"\" style=\"position: relative;\">8.00 Uhr<\/div><\/div><\/td><td class=\"wptb-cell\" data-x-index=\"1\" style=\"border-width: 1px;\" data-wptb-css-td-auto-width=\"true\"><\/td><td class=\"wptb-cell\" data-x-index=\"2\" style=\"border-width: 1px;\" data-wptb-css-td-auto-width=\"true\"><\/td><td class=\"wptb-cell\" data-x-index=\"3\" style=\"border-width: 1px;\" data-wptb-css-td-auto-width=\"true\"><\/td><td class=\"wptb-cell\" data-x-index=\"4\" style=\"border-width: 1px;\" data-wptb-css-td-auto-width=\"true\"><\/td><td class=\"wptb-cell\" data-x-index=\"5\" style=\"border-width: 1px;\" data-wptb-css-td-auto-width=\"true\"><\/td><td class=\"wptb-cell\" data-x-index=\"6\" style=\"border-width: 1px;\" data-wptb-css-td-auto-width=\"true\"><\/td><td class=\"wptb-cell\" data-x-index=\"7\" style=\"border-width: 1px;\" data-wptb-css-td-auto-width=\"true\"><\/td><\/tr><tr class=\"wptb-row\"><td class=\"wptb-cell\" data-x-index=\"0\" style=\"border-width: 1px;\" data-wptb-css-td-auto-width=\"true\"><div class=\"wptb-text-container wptb-ph-element wptb-element-text-11\"><div class=\"\" style=\"position: relative;\">12.00 Uhr<\/div><\/div><\/td><td class=\"wptb-cell\" data-x-index=\"1\" style=\"border-width: 1px;\" data-wptb-css-td-auto-width=\"true\"><\/td><td class=\"wptb-cell\" data-x-index=\"2\" style=\"border-width: 1px;\" data-wptb-css-td-auto-width=\"true\"><\/td><td class=\"wptb-cell\" data-x-index=\"3\" style=\"border-width: 1px;\" data-wptb-css-td-auto-width=\"true\"><\/td><td class=\"wptb-cell\" data-x-index=\"4\" style=\"border-width: 1px;\" data-wptb-css-td-auto-width=\"true\"><\/td><td class=\"wptb-cell\" data-x-index=\"5\" style=\"border-width: 1px;\" data-wptb-css-td-auto-width=\"true\"><\/td><td class=\"wptb-cell\" data-x-index=\"6\" style=\"border-width: 1px;\" data-wptb-css-td-auto-width=\"true\"><\/td><td class=\"wptb-cell\" data-x-index=\"7\" style=\"border-width: 1px;\" data-wptb-css-td-auto-width=\"true\"><\/td><\/tr><tr class=\"wptb-row\"><td class=\"wptb-cell\" data-x-index=\"0\" style=\"border-width: 1px;\" data-wptb-css-td-auto-width=\"true\"><div class=\"wptb-text-container wptb-ph-element wptb-element-text-12\"><div class=\"\" style=\"position: relative;\"><p>14.00 Uhr<\/p><\/div><\/div><\/td><td class=\"wptb-cell\" data-x-index=\"1\" style=\"border-width: 1px;\" data-wptb-css-td-auto-width=\"true\"><\/td><td class=\"wptb-cell\" data-x-index=\"2\" style=\"border-width: 1px;\" data-wptb-css-td-auto-width=\"true\"><\/td><td class=\"wptb-cell\" data-x-index=\"3\" style=\"border-width: 1px;\" data-wptb-css-td-auto-width=\"true\"><\/td><td class=\"wptb-cell\" data-x-index=\"4\" style=\"border-width: 1px;\" data-wptb-css-td-auto-width=\"true\"><\/td><td class=\"wptb-cell\" data-x-index=\"5\" style=\"border-width: 1px;\" data-wptb-css-td-auto-width=\"true\"><\/td><td class=\"wptb-cell\" data-x-index=\"6\" style=\"border-width: 1px;\" data-wptb-css-td-auto-width=\"true\"><\/td><td class=\"wptb-cell\" data-x-index=\"7\" style=\"border-width: 1px;\" data-wptb-css-td-auto-width=\"true\"><\/td><\/tr><tr class=\"wptb-row\"><td class=\"wptb-cell\" data-x-index=\"0\" style=\"border-width: 1px;\" data-wptb-css-td-auto-width=\"true\"><div class=\"wptb-text-container wptb-ph-element wptb-element-text-13\"><div class=\"\" style=\"position: relative;\"><p>16.00 Uhr<\/p><\/div><\/div><\/td><td class=\"wptb-cell\" data-x-index=\"1\" style=\"border-width: 1px;\" data-wptb-css-td-auto-width=\"true\"><\/td><td class=\"wptb-cell\" data-x-index=\"2\" style=\"border-width: 1px;\" data-wptb-css-td-auto-width=\"true\"><\/td><td class=\"wptb-cell\" data-x-index=\"3\" style=\"border-width: 1px;\" data-wptb-css-td-auto-width=\"true\"><\/td><td class=\"wptb-cell\" data-x-index=\"4\" style=\"border-width: 1px;\" data-wptb-css-td-auto-width=\"true\"><\/td><td class=\"wptb-cell\" data-x-index=\"5\" style=\"border-width: 1px;\" data-wptb-css-td-auto-width=\"true\"><\/td><td class=\"wptb-cell\" data-x-index=\"6\" style=\"border-width: 1px;\" data-wptb-css-td-auto-width=\"true\"><\/td><td class=\"wptb-cell\" data-x-index=\"7\" style=\"border-width: 1px;\" data-wptb-css-td-auto-width=\"true\"><\/td><\/tr><tr class=\"wptb-row\"><td class=\"wptb-cell\" data-x-index=\"0\" style=\"border-width: 1px;\" data-wptb-css-td-auto-width=\"true\"><div class=\"wptb-text-container wptb-ph-element wptb-element-text-14\"><div class=\"\" style=\"position: relative;\"><p>18.00 Uhr<\/p><\/div><\/div><\/td><td class=\"wptb-cell\" data-x-index=\"1\" style=\"border-width: 1px;\" data-wptb-css-td-auto-width=\"true\"><\/td><td class=\"wptb-cell\" data-x-index=\"2\" style=\"border-width: 1px;\" data-wptb-css-td-auto-width=\"true\"><\/td><td class=\"wptb-cell wptb-ondragenter\" data-x-index=\"3\" style=\"border-width: 1px;\" data-wptb-css-td-auto-width=\"true\"><\/td><td class=\"wptb-cell\" data-x-index=\"4\" style=\"border-width: 1px;\" data-wptb-css-td-auto-width=\"true\"><\/td><td class=\"wptb-cell wptb-ondragenter\" data-x-index=\"5\" style=\"border-width: 1px;\" data-wptb-css-td-auto-width=\"true\"><\/td><td class=\"wptb-cell wptb-ondragenter\" data-x-index=\"6\" style=\"border-width: 1px;\" data-wptb-css-td-auto-width=\"true\"><\/td><td class=\"wptb-cell\" data-x-index=\"7\" style=\"border-width: 1px;\" data-wptb-css-td-auto-width=\"true\"><\/td><\/tr><tr class=\"wptb-row\"><td class=\"wptb-cell\" data-x-index=\"0\" style=\"border-width: 1px;\" data-wptb-css-td-auto-width=\"true\"><div class=\"wptb-text-container wptb-ph-element wptb-element-text-15\"><div class=\"\" style=\"position: relative;\"><p>19.00 Uhr<\/p><\/div><\/div><\/td><td class=\"wptb-cell\" data-x-index=\"1\" style=\"border-width: 1px;\" data-wptb-css-td-auto-width=\"true\"><div class=\"wptb-text-container wptb-ph-element wptb-element-text-25\"><div class=\"\" style=\"position: relative;\"><p>Glorious Pop!<\/p><\/div><\/div><\/td><td class=\"wptb-cell\" data-x-index=\"2\" style=\"border-width: 1px;\" data-wptb-css-td-auto-width=\"true\"><div class=\"wptb-text-container wptb-ph-element wptb-element-text-26\"><div class=\"\" style=\"position: relative;\"><p>Glorious Pop!<\/p><\/div><\/div><\/td><td class=\"wptb-cell wptb-ondragenter\" data-x-index=\"3\" style=\"border-width: 1px;\" data-wptb-css-td-auto-width=\"true\"><div class=\"wptb-text-container wptb-ph-element wptb-element-text-27\"><div class=\"\" style=\"position: relative;\"><p>Glorious Pop!<\/p><\/div><\/div><\/td><td class=\"wptb-cell\" data-x-index=\"4\" style=\"border-width: 1px;\" data-wptb-css-td-auto-width=\"true\"><div class=\"wptb-text-container wptb-ph-element wptb-element-text-28\"><div class=\"\" style=\"position: relative;\"><p>Glorious Pop!<\/p><\/div><\/div><\/td><td class=\"wptb-cell wptb-ondragenter\" data-x-index=\"5\" style=\"border-width: 1px;\" data-wptb-css-td-auto-width=\"true\"><div class=\"wptb-text-container wptb-ph-element wptb-element-text-29\"><div class=\"\" style=\"position: relative;\"><p>Glorious Pop!<\/p><\/div><\/div><\/td><td class=\"wptb-cell wptb-ondragenter\" data-x-index=\"6\" style=\"border-width: 1px;\" data-wptb-css-td-auto-width=\"true\"><div class=\"wptb-text-container wptb-ph-element wptb-element-text-30\"><div class=\"\" style=\"position: relative;\"><p>Glorious Pop!<\/p><\/div><\/div><\/td><td class=\"wptb-cell wptb-ondragenter\" data-x-index=\"7\" style=\"border-width: 1px;\" data-wptb-css-td-auto-width=\"true\"><div class=\"wptb-text-container wptb-ph-element wptb-element-text-31 wptb-ondragenter\"><div class=\"\" style=\"position: relative;\"><p>Glorious Pop!<\/p><\/div><\/div><\/td><\/tr><tr class=\"wptb-row\"><td class=\"wptb-cell\" data-x-index=\"0\" style=\"border-width: 1px;\" data-wptb-css-td-auto-width=\"true\"><div class=\"wptb-text-container wptb-ph-element wptb-element-text-16\"><div class=\"\" style=\"position: relative;\">20.00 Uhr<\/div><\/div><\/td><td class=\"wptb-cell\" data-x-index=\"1\" style=\"border-width: 1px;\" data-wptb-css-td-auto-width=\"true\"><\/td><td class=\"wptb-cell\" data-x-index=\"2\" style=\"border-width: 1px;\" data-wptb-css-td-auto-width=\"true\"><\/td><td class=\"wptb-cell wptb-ondragenter\" data-x-index=\"3\" style=\"border-width: 1px;\" data-wptb-css-td-auto-width=\"true\"><\/td><td class=\"wptb-cell\" data-x-index=\"4\" style=\"border-width: 1px;\" data-wptb-css-td-auto-width=\"true\"><\/td><td class=\"wptb-cell wptb-ondragenter\" data-x-index=\"5\" style=\"border-width: 1px;\" data-wptb-css-td-auto-width=\"true\"><\/td><td class=\"wptb-cell wptb-ondragenter\" data-x-index=\"6\" style=\"border-width: 1px;\" data-wptb-css-td-auto-width=\"true\"><\/td><td class=\"wptb-cell\" data-x-index=\"7\" style=\"border-width: 1px;\" data-wptb-css-td-auto-width=\"true\"><div class=\"wptb-text-container wptb-ph-element wptb-element-text-32\"><div class=\"\" style=\"position: relative;\"><p>Hippie forever<\/p><\/div><\/div><\/td><\/tr><tr class=\"wptb-row\"><td class=\"wptb-cell\" data-x-index=\"0\" style=\"border-width: 1px;\" data-wptb-css-td-auto-width=\"true\"><div class=\"wptb-text-container wptb-ph-element wptb-element-text-17\"><div class=\"\" style=\"position: relative;\"><p>22.00 Uhr<\/p><\/div><\/div><\/td><td class=\"wptb-cell\" data-x-index=\"1\" style=\"border-width: 1px;\" data-wptb-css-td-auto-width=\"true\"><div class=\"wptb-text-container wptb-ph-element wptb-element-text-20\"><div class=\"\" style=\"position: relative;\"><p>advanced music<\/p><\/div><\/div><\/td><td class=\"wptb-cell\" data-x-index=\"2\" style=\"border-width: 1px;\" data-wptb-css-td-auto-width=\"true\"><div class=\"wptb-text-container wptb-ph-element wptb-element-text-21\"><div class=\"\" style=\"position: relative;\"><p>advanced music<\/p><\/div><\/div><\/td><td class=\"wptb-cell\" data-x-index=\"3\" style=\"border-width: 1px;\" data-wptb-css-td-auto-width=\"true\"><div class=\"wptb-text-container wptb-ph-element wptb-element-text-22\"><div class=\"\" style=\"position: relative;\"><p>advanced music<\/p><\/div><\/div><\/td><td class=\"wptb-cell\" data-x-index=\"4\" style=\"border-width: 1px;\" data-wptb-css-td-auto-width=\"true\"><div class=\"wptb-text-container wptb-ph-element wptb-element-text-23\"><div class=\"\" style=\"position: relative;\"><p>advanced music<\/p><\/div><\/div><\/td><td class=\"wptb-cell\" data-x-index=\"5\" style=\"border-width: 1px;\" data-wptb-css-td-auto-width=\"true\"><div class=\"wptb-text-container wptb-ph-element wptb-element-text-24\"><div class=\"\" style=\"position: relative;\"><p>advanced music<\/p><\/div><\/div><\/td><td class=\"wptb-cell wptb-ondragenter\" data-x-index=\"6\" style=\"border-width: 1px;\" data-wptb-css-td-auto-width=\"true\"><div class=\"wptb-text-container wptb-ph-element wptb-element-text-34 wptb-ondragenter\"><div class=\"\" style=\"position: relative;\"><p>Trommelbass<\/p><\/div><\/div><\/td><td class=\"wptb-cell wptb-ondragenter\" data-x-index=\"7\" style=\"border-width: 1px;\" data-wptb-css-td-auto-width=\"true\"><div class=\"wptb-text-container wptb-ph-element wptb-element-text-33 wptb-ondragenter\"><div class=\"\" style=\"position: relative;\"><p>Hippie forever<\/p><\/div><\/div><\/td><\/tr><tr class=\"wptb-row\"><td class=\"wptb-cell\" data-x-index=\"0\" style=\"border-width: 1px;\" data-wptb-css-td-auto-width=\"true\"><div class=\"wptb-text-container wptb-ph-element wptb-element-text-18\"><div class=\"\" style=\"position: relative;\"><p>0.00 Uhr<\/p><\/div><\/div><\/td><td class=\"wptb-cell wptb-ondragenter\" data-x-index=\"1\" style=\"border-width: 1px;\" data-wptb-css-td-auto-width=\"true\"><div class=\"wptb-text-container wptb-ph-element wptb-element-text-35\"><div class=\"\" style=\"position: relative;\">nightnoise<\/div><\/div><\/td><td class=\"wptb-cell\" data-x-index=\"2\" style=\"border-width: 1px;\" data-wptb-css-td-auto-width=\"true\"><div class=\"wptb-text-container wptb-ph-element wptb-element-text-36\"><div class=\"\" style=\"position: relative;\">nightnoise<\/div><\/div><\/td><td class=\"wptb-cell\" data-x-index=\"3\" style=\"border-width: 1px;\" data-wptb-css-td-auto-width=\"true\"><div class=\"wptb-text-container wptb-ph-element wptb-element-text-38\"><div class=\"\" style=\"position: relative;\">nightnoise<\/div><\/div><\/td><td class=\"wptb-cell wptb-ondragenter\" data-x-index=\"4\" style=\"border-width: 1px;\" data-wptb-css-td-auto-width=\"true\"><div class=\"wptb-text-container wptb-ph-element wptb-element-text-37\"><div class=\"\" style=\"position: relative;\">nightnoise<\/div><\/div><\/td><td class=\"wptb-cell\" data-x-index=\"5\" style=\"border-width: 1px;\" data-wptb-css-td-auto-width=\"true\"><div class=\"wptb-text-container wptb-ph-element wptb-element-text-39\"><div class=\"\" style=\"position: relative;\">nightnoise<\/div><\/div><\/td><td class=\"wptb-cell\" data-x-index=\"6\" style=\"border-width: 1px;\" data-wptb-css-td-auto-width=\"true\"><div class=\"wptb-text-container wptb-ph-element wptb-element-text-42\"><div class=\"\" style=\"position: relative;\">Trommelbass<\/div><\/div><\/td><td class=\"wptb-cell\" data-x-index=\"7\" style=\"border-width: 1px;\" data-wptb-css-td-auto-width=\"true\"><div class=\"wptb-text-container wptb-ph-element wptb-element-text-41\"><div class=\"\" style=\"position: relative;\">nightnoise<\/div><\/div><\/td><\/tr><tr class=\"wptb-row\"><td class=\"wptb-cell\" data-x-index=\"0\" style=\"border-width: 1px;\" data-wptb-css-td-auto-width=\"true\"><div class=\"wptb-text-container wptb-ph-element wptb-element-text-19\"><div class=\"\" style=\"position: relative;\"><p>2.00 Uhr<\/p><\/div><\/div><\/td><td class=\"wptb-cell\" data-x-index=\"1\" style=\"border-width: 1px;\" data-wptb-css-td-auto-width=\"true\"><\/td><td class=\"wptb-cell\" data-x-index=\"2\" style=\"border-width: 1px;\" data-wptb-css-td-auto-width=\"true\"><\/td><td class=\"wptb-cell\" data-x-index=\"3\" style=\"border-width: 1px;\" data-wptb-css-td-auto-width=\"true\"><\/td><td class=\"wptb-cell\" data-x-index=\"4\" style=\"border-width: 1px;\" data-wptb-css-td-auto-width=\"true\"><\/td><td class=\"wptb-cell\" data-x-index=\"5\" style=\"border-width: 1px;\" data-wptb-css-td-auto-width=\"true\"><\/td><td class=\"wptb-cell\" data-x-index=\"6\" style=\"border-width: 1px;\" data-wptb-css-td-auto-width=\"true\"><div class=\"wptb-text-container wptb-ph-element wptb-element-text-40\"><div class=\"\" style=\"position: relative;\">nightnoise<\/div><\/div><\/td><td class=\"wptb-cell\" data-x-index=\"7\" style=\"border-width: 1px;\" data-wptb-css-td-auto-width=\"true\"><\/td><\/tr><\/tbody><\/table><\/div><\/div>\n<p>Unsere Playlisten:<\/p>\n<p><strong>Glorious Pop!<\/strong> &#8211; Bester, handselektierter Indie-Pop<br \/>\n<strong>Trommelbass<\/strong> &#8211; Hoch leben die 90er und die fr\u00fchen 2000s! Bester Jungle &amp; Drum\u00b4n\u00b4Bass<br \/>\n<strong>advanced music<\/strong> &#8211; die Musikschiene f\u00fcr anspruchsvolle Sounds aus Indie-Rock, Alternative, Grunge, Punk und vielem mehr<br \/>\n<strong>nightnoise<\/strong> &#8211; mit harten Kl\u00e4ngen durch die Nacht<br \/>\n<strong>Hippie forever<\/strong> &#8211; Folk, Blues und Rock, nicht nur aus dem summer of love!<\/p>\n<p>Und zu allen anderen Zeiten h\u00f6rst Du die beste Rotation der Welt &#8211; 801indie steht f\u00fcr Indie-Rock, Alternative, Grunge, Punk, Rock und viele mehr! Lasst Euch \u00fcberraschen!<\/p>\n<p>&nbsp;<\/p>\n","protected":false},"excerpt":{"rendered":"<p>Unsere Playlisten: Glorious Pop! &#8211; Bester, handselektierter Indie-Pop Trommelbass &#8211; Hoch leben die 90er und die fr\u00fchen 2000s! Bester Jungle &amp; Drum\u00b4n\u00b4Bass advanced music &#8211; die Musikschiene f\u00fcr anspruchsvolle Sounds aus Indie-Rock, Alternative, Grunge, Punk und vielem mehr nightnoise &#8211; mit harten Kl\u00e4ngen durch die Nacht Hippie forever &#8211; Folk, Blues und Rock, nicht nur &#8230; <a title=\"Programm\" class=\"read-more\" href=\"https:\/\/801indie.org\/index.php\/programm\/\">Read more<span class=\"screen-reader-text\">Programm<\/span><\/a><\/p>\n","protected":false},"author":1,"featured_media":0,"parent":0,"menu_order":0,"comment_status":"closed","ping_status":"closed","template":"","meta":[],"_links":{"self":[{"href":"https:\/\/801indie.org\/index.php\/wp-json\/wp\/v2\/pages\/79"}],"collection":[{"href":"https:\/\/801indie.org\/index.php\/wp-json\/wp\/v2\/pages"}],"about":[{"href":"https:\/\/801indie.org\/index.php\/wp-json\/wp\/v2\/types\/page"}],"author":[{"embeddable":true,"href":"https:\/\/801indie.org\/index.php\/wp-json\/wp\/v2\/users\/1"}],"replies":[{"embeddable":true,"href":"https:\/\/801indie.org\/index.php\/wp-json\/wp\/v2\/comments?post=79"}],"version-history":[{"count":3,"href":"https:\/\/801indie.org\/index.php\/wp-json\/wp\/v2\/pages\/79\/revisions"}],"predecessor-version":[{"id":83,"href":"https:\/\/801indie.org\/index.php\/wp-json\/wp\/v2\/pages\/79\/revisions\/83"}],"wp:attachment":[{"href":"https:\/\/801indie.org\/index.php\/wp-json\/wp\/v2\/media?parent=79"}],"curies":[{"name":"wp","href":"https:\/\/api.w.org\/{rel}","templated":true}]}}